{"id":127,"date":"2021-03-10T09:58:41","date_gmt":"2021-03-10T08:58:41","guid":{"rendered":"http:\/\/www.car-service-paris.com\/?page_id=127"},"modified":"2021-05-26T09:47:26","modified_gmt":"2021-05-26T07:47:26","slug":"transport-evenementiel","status":"publish","type":"page","link":"https:\/\/www.car-service-paris.com\/en\/transport-evenementiel\/","title":{"rendered":"Event transports"},"content":{"rendered":"<div data-elementor-type=\"wp-page\" data-elementor-id=\"127\" class=\"elementor elementor-127\" data-elementor-settings=\"[]\">\n\t\t\t\t\t\t<div class=\"elementor-inner\">\n\t\t\t\t\t\t\t<div class=\"elementor-section-wrap\">\n\t\t\t\t\t\t\t<section class=\"elementor-section elementor-top-section elementor-element elementor-element-4a1d2fb7 elementor-section-height-min-height elementor-section-boxed elementor-section-height-default elementor-section-items-middle\" data-id=\"4a1d2fb7\" data-element_type=\"section\" data-settings=\"{&quot;background_background&quot;:&quot;classic&quot;}\">\n\t\t\t\t\t\t\t<div class=\"elementor-background-overlay\"><\/div>\n\t\t\t\t\t\t\t<div class=\"elementor-container elementor-column-gap-default\">\n\t\t\t\t\t\t\t<div class=\"elementor-row\">\n\t\t\t\t\t<div class=\"elementor-column elementor-col-100 elementor-top-column elementor-element elementor-element-2fce0d32\" data-id=\"2fce0d32\" data-element_type=\"column\">\n\t\t\t<div class=\"elementor-column-wrap elementor-element-populated\">\n\t\t\t\t\t\t\t<div class=\"elementor-widget-wrap\">\n\t\t\t\t\t\t<div class=\"elementor-element elementor-element-4e46b4b8 elementor-widget-divider--view-line elementor-widget elementor-widget-divider\" data-id=\"4e46b4b8\" data-element_type=\"widget\" data-widget_type=\"divider.default\">\n\t\t\t\t<div class=\"elementor-widget-container\">\n\t\t\t\t\t<div class=\"elementor-divider\">\n\t\t\t<span class=\"elementor-divider-separator\">\n\t\t\t\t\t\t<\/span>\n\t\t<\/div>\n\t\t\t\t<\/div>\n\t\t\t\t<\/div>\n\t\t\t\t<div class=\"elementor-element elementor-element-78c617ee elementor-widget elementor-widget-heading\" data-id=\"78c617ee\" data-element_type=\"widget\" data-widget_type=\"heading.default\">\n\t\t\t\t<div class=\"elementor-widget-container\">\n\t\t\t<h2 class=\"elementor-heading-title elementor-size-default\">Event transports<\/h2>\t\t<\/div>\n\t\t\t\t<\/div>\n\t\t\t\t<div class=\"elementor-element elementor-element-62a4739 elementor-widget-divider--view-line elementor-widget elementor-widget-divider\" data-id=\"62a4739\" data-element_type=\"widget\" data-widget_type=\"divider.default\">\n\t\t\t\t<div class=\"elementor-widget-container\">\n\t\t\t\t\t<div class=\"elementor-divider\">\n\t\t\t<span class=\"elementor-divider-separator\">\n\t\t\t\t\t\t<\/span>\n\t\t<\/div>\n\t\t\t\t<\/div>\n\t\t\t\t<\/div>\n\t\t\t\t\t\t<\/div>\n\t\t\t\t\t<\/div>\n\t\t<\/div>\n\t\t\t\t\t\t\t\t<\/div>\n\t\t\t\t\t<\/div>\n\t\t<\/section>\n\t\t\t\t<section class=\"elementor-section elementor-top-section elementor-element elementor-element-3670abc2 elementor-section-boxed elementor-section-height-default elementor-section-height-default\" data-id=\"3670abc2\" data-element_type=\"section\" data-settings=\"{&quot;background_background&quot;:&quot;classic&quot;}\">\n\t\t\t\t\t\t<div class=\"elementor-container elementor-column-gap-default\">\n\t\t\t\t\t\t\t<div class=\"elementor-row\">\n\t\t\t\t\t<div class=\"elementor-column elementor-col-100 elementor-top-column elementor-element elementor-element-4c97245c\" data-id=\"4c97245c\" data-element_type=\"column\">\n\t\t\t<div class=\"elementor-column-wrap elementor-element-populated\">\n\t\t\t\t\t\t\t<div class=\"elementor-widget-wrap\">\n\t\t\t\t\t\t<section class=\"elementor-section elementor-inner-section elementor-element elementor-element-2d13b2a9 elementor-section-boxed elementor-section-height-default elementor-section-height-default\" data-id=\"2d13b2a9\" data-element_type=\"section\">\n\t\t\t\t\t\t<div class=\"elementor-container elementor-column-gap-default\">\n\t\t\t\t\t\t\t<div class=\"elementor-row\">\n\t\t\t\t\t<div class=\"elementor-column elementor-col-33 elementor-inner-column elementor-element elementor-element-689faf54\" data-id=\"689faf54\" data-element_type=\"column\">\n\t\t\t<div class=\"elementor-column-wrap elementor-element-populated\">\n\t\t\t\t\t\t\t<div class=\"elementor-widget-wrap\">\n\t\t\t\t\t\t<div class=\"elementor-element elementor-element-2e63df35 elementor-position-top elementor-vertical-align-top elementor-widget elementor-widget-image-box\" data-id=\"2e63df35\" data-element_type=\"widget\" data-widget_type=\"image-box.default\">\n\t\t\t\t<div class=\"elementor-widget-container\">\n\t\t\t<div class=\"elementor-image-box-wrapper\"><figure class=\"elementor-image-box-img\"><img width=\"64\" height=\"64\" src=\"https:\/\/www.car-service-paris.com\/wp-content\/uploads\/2021\/04\/icons8-date-to-64.png\" class=\"attachment-full size-full\" alt=\"\" \/><\/figure><div class=\"elementor-image-box-content\"><h3 class=\"elementor-image-box-title\">Tight organization guaranteed<\/h3><\/div><\/div>\t\t<\/div>\n\t\t\t\t<\/div>\n\t\t\t\t\t\t<\/div>\n\t\t\t\t\t<\/div>\n\t\t<\/div>\n\t\t\t\t<div class=\"elementor-column elementor-col-33 elementor-inner-column elementor-element elementor-element-54dcbfc9\" data-id=\"54dcbfc9\" data-element_type=\"column\">\n\t\t\t<div class=\"elementor-column-wrap elementor-element-populated\">\n\t\t\t\t\t\t\t<div class=\"elementor-widget-wrap\">\n\t\t\t\t\t\t<div class=\"elementor-element elementor-element-2e0fd7a7 elementor-position-top elementor-vertical-align-top elementor-widget elementor-widget-image-box\" data-id=\"2e0fd7a7\" data-element_type=\"widget\" data-widget_type=\"image-box.default\">\n\t\t\t\t<div class=\"elementor-widget-container\">\n\t\t\t<div class=\"elementor-image-box-wrapper\"><figure class=\"elementor-image-box-img\"><img width=\"64\" height=\"64\" src=\"https:\/\/www.car-service-paris.com\/wp-content\/uploads\/2021\/04\/icons8-translation-64.png\" class=\"attachment-full size-full\" alt=\"\" \/><\/figure><div class=\"elementor-image-box-content\"><h3 class=\"elementor-image-box-title\">Experienced and multilingual VIP drivers<\/h3><\/div><\/div>\t\t<\/div>\n\t\t\t\t<\/div>\n\t\t\t\t\t\t<\/div>\n\t\t\t\t\t<\/div>\n\t\t<\/div>\n\t\t\t\t<div class=\"elementor-column elementor-col-33 elementor-inner-column elementor-element elementor-element-62721fae\" data-id=\"62721fae\" data-element_type=\"column\">\n\t\t\t<div class=\"elementor-column-wrap elementor-element-populated\">\n\t\t\t\t\t\t\t<div class=\"elementor-widget-wrap\">\n\t\t\t\t\t\t<div class=\"elementor-element elementor-element-470226d8 elementor-position-top elementor-vertical-align-top elementor-widget elementor-widget-image-box\" data-id=\"470226d8\" data-element_type=\"widget\" data-widget_type=\"image-box.default\">\n\t\t\t\t<div class=\"elementor-widget-container\">\n\t\t\t<div class=\"elementor-image-box-wrapper\"><figure class=\"elementor-image-box-img\"><img width=\"64\" height=\"64\" src=\"https:\/\/www.car-service-paris.com\/wp-content\/uploads\/2021\/04\/icons8-car-642.png\" class=\"attachment-full size-full\" alt=\"\" \/><\/figure><div class=\"elementor-image-box-content\"><h3 class=\"elementor-image-box-title\">Large fleet of customisable luxury vehicles<\/h3><\/div><\/div>\t\t<\/div>\n\t\t\t\t<\/div>\n\t\t\t\t\t\t<\/div>\n\t\t\t\t\t<\/div>\n\t\t<\/div>\n\t\t\t\t\t\t\t\t<\/div>\n\t\t\t\t\t<\/div>\n\t\t<\/section>\n\t\t\t\t\t\t<\/div>\n\t\t\t\t\t<\/div>\n\t\t<\/div>\n\t\t\t\t\t\t\t\t<\/div>\n\t\t\t\t\t<\/div>\n\t\t<\/section>\n\t\t\t\t<section class=\"elementor-section elementor-top-section elementor-element elementor-element-7e3cf9d8 elementor-section-boxed elementor-section-height-default elementor-section-height-default\" data-id=\"7e3cf9d8\" data-element_type=\"section\">\n\t\t\t\t\t\t<div class=\"elementor-container elementor-column-gap-default\">\n\t\t\t\t\t\t\t<div class=\"elementor-row\">\n\t\t\t\t\t<div class=\"elementor-column elementor-col-50 elementor-top-column elementor-element elementor-element-2b3b7370\" data-id=\"2b3b7370\" data-element_type=\"column\">\n\t\t\t<div class=\"elementor-column-wrap elementor-element-populated\">\n\t\t\t\t\t\t\t<div class=\"elementor-widget-wrap\">\n\t\t\t\t\t\t<div class=\"elementor-element elementor-element-2233e8fb elementor-widget elementor-widget-image\" data-id=\"2233e8fb\" data-element_type=\"widget\" data-widget_type=\"image.default\">\n\t\t\t\t<div class=\"elementor-widget-container\">\n\t\t\t\t\t\t\t\t<div class=\"elementor-image\">\n\t\t\t\t\t\t\t\t\t\t\t\t<img width=\"800\" height=\"600\" src=\"https:\/\/www.car-service-paris.com\/wp-content\/uploads\/2021\/02\/01-1024x768.jpg\" class=\"attachment-large size-large\" alt=\"\" srcset=\"https:\/\/www.car-service-paris.com\/wp-content\/uploads\/2021\/02\/01-1024x768.jpg 1024w, https:\/\/www.car-service-paris.com\/wp-content\/uploads\/2021\/02\/01-300x225.jpg 300w, https:\/\/www.car-service-paris.com\/wp-content\/uploads\/2021\/02\/01-768x576.jpg 768w, https:\/\/www.car-service-paris.com\/wp-content\/uploads\/2021\/02\/01-1536x1152.jpg 1536w, https:\/\/www.car-service-paris.com\/wp-content\/uploads\/2021\/02\/01.jpg 1600w\" sizes=\"(max-width: 800px) 100vw, 800px\" \/>\t\t\t\t\t\t\t\t\t\t\t\t\t\t<\/div>\n\t\t\t\t\t\t<\/div>\n\t\t\t\t<\/div>\n\t\t\t\t\t\t<\/div>\n\t\t\t\t\t<\/div>\n\t\t<\/div>\n\t\t\t\t<div class=\"elementor-column elementor-col-50 elementor-top-column elementor-element elementor-element-bda9003\" data-id=\"bda9003\" data-element_type=\"column\">\n\t\t\t<div class=\"elementor-column-wrap elementor-element-populated\">\n\t\t\t\t\t\t\t<div class=\"elementor-widget-wrap\">\n\t\t\t\t\t\t<div class=\"elementor-element elementor-element-1b9fd79 elementor-widget elementor-widget-text-editor\" data-id=\"1b9fd79\" data-element_type=\"widget\" data-widget_type=\"text-editor.default\">\n\t\t\t\t<div class=\"elementor-widget-container\">\n\t\t\t\t\t\t\t\t<div class=\"elementor-text-editor elementor-clearfix\">\n\t\t\t\t<p>Every event, whether professional or private, is unique !<br \/>DA PRIVE - CAR SERVICE puts all its know-how and its <strong>sense of meticulous organisation<\/strong> at your disposal: a visit to the site beforehand, a dedicated project team with a single contact person, a defined transport plan and driver briefings. We will be there to advise you.<\/p><p class=\" translation-block\">Our luxury private chauffeurs are used to big meetings. Multilingual and courteous, they will take good care of your guests. They will also respect any dresscode defined beforehand.<\/p><p>DA PRIVE - CAR SERVICE has a wide range of luxury vehicles that will meet your expectations. These vehicles can also be personalised with the colours or logo of your event.<\/p><p>We have already covered various events: Fashion week, Airshow, musical events, social weddings, Cannes Festival.<\/p>\t\t\t\t\t<\/div>\n\t\t\t\t\t\t<\/div>\n\t\t\t\t<\/div>\n\t\t\t\t\t\t<\/div>\n\t\t\t\t\t<\/div>\n\t\t<\/div>\n\t\t\t\t\t\t\t\t<\/div>\n\t\t\t\t\t<\/div>\n\t\t<\/section>\n\t\t\t\t<section class=\"elementor-section elementor-top-section elementor-element elementor-element-4e568bbf elementor-section-boxed elementor-section-height-default elementor-section-height-default\" data-id=\"4e568bbf\" data-element_type=\"section\">\n\t\t\t\t\t\t<div class=\"elementor-container elementor-column-gap-no\">\n\t\t\t\t\t\t\t<div class=\"elementor-row\">\n\t\t\t\t\t<div class=\"elementor-column elementor-col-100 elementor-top-column elementor-element elementor-element-78d6fece\" data-id=\"78d6fece\" data-element_type=\"column\">\n\t\t\t<div class=\"elementor-column-wrap elementor-element-populated\">\n\t\t\t\t\t\t\t<div class=\"elementor-widget-wrap\">\n\t\t\t\t\t\t<div class=\"elementor-element elementor-element-3054eee2 elementor-widget-divider--view-line elementor-widget elementor-widget-divider\" data-id=\"3054eee2\" data-element_type=\"widget\" data-widget_type=\"divider.default\">\n\t\t\t\t<div class=\"elementor-widget-container\">\n\t\t\t\t\t<div class=\"elementor-divider\">\n\t\t\t<span class=\"elementor-divider-separator\">\n\t\t\t\t\t\t<\/span>\n\t\t<\/div>\n\t\t\t\t<\/div>\n\t\t\t\t<\/div>\n\t\t\t\t<div class=\"elementor-element elementor-element-1902f83b elementor-widget elementor-widget-heading\" data-id=\"1902f83b\" data-element_type=\"widget\" data-widget_type=\"heading.default\">\n\t\t\t\t<div class=\"elementor-widget-container\">\n\t\t\t<h2 class=\"elementor-heading-title elementor-size-default\">Testimonial<\/h2>\t\t<\/div>\n\t\t\t\t<\/div>\n\t\t\t\t<div class=\"elementor-element elementor-element-1e1ee213 elementor-testimonial--layout-image_above elementor-testimonial--skin-default elementor-testimonial--align-center elementor-arrows-yes elementor-pagination-type-bullets elementor-widget elementor-widget-testimonial-carousel\" data-id=\"1e1ee213\" data-element_type=\"widget\" data-settings=\"{&quot;space_between&quot;:{&quot;unit&quot;:&quot;px&quot;,&quot;size&quot;:22,&quot;sizes&quot;:[]},&quot;show_arrows&quot;:&quot;yes&quot;,&quot;pagination&quot;:&quot;bullets&quot;,&quot;speed&quot;:500,&quot;loop&quot;:&quot;yes&quot;,&quot;space_between_tablet&quot;:{&quot;unit&quot;:&quot;px&quot;,&quot;size&quot;:10,&quot;sizes&quot;:[]},&quot;space_between_mobile&quot;:{&quot;unit&quot;:&quot;px&quot;,&quot;size&quot;:10,&quot;sizes&quot;:[]}}\" data-widget_type=\"testimonial-carousel.default\">\n\t\t\t\t<div class=\"elementor-widget-container\">\n\t\t\t\t\t<div class=\"elementor-swiper\">\n\t\t\t<div class=\"elementor-main-swiper swiper-container\">\n\t\t\t\t<div class=\"swiper-wrapper\">\n\t\t\t\t\t\t\t\t\t\t\t<div class=\"swiper-slide\">\n\t\t\t\t\t\t\t\t\t<div class=\"elementor-testimonial\">\n\t\t\t\t\t\t\t<div class=\"elementor-testimonial__content\">\n\t\t\t\t\t<div class=\"elementor-testimonial__text\">\n\t\t\t\t\t\t\"We asked DA PRIVE to provide around 40 vehicles for our professional congress. Everything went very well ! We were very confident that the event would be well managed.\" - 08\/2018\t\t\t\t\t<\/div>\n\t\t\t\t\t<cite class=\"elementor-testimonial__cite\"><span class=\"elementor-testimonial__name\">Company D.K<\/span><\/cite>\t\t\t\t<\/div>\n\t\t\t\t\t\t<div class=\"elementor-testimonial__footer\">\n\t\t\t\t\t\t\t\t\t\t\t<\/div>\n\t\t<\/div>\n\t\t\t\t\t\t\t\t<\/div>\n\t\t\t\t\t\t\t\t\t<\/div>\n\t\t\t\t\t\t\t<\/div>\n\t\t<\/div>\n\t\t\t\t<\/div>\n\t\t\t\t<\/div>\n\t\t\t\t\t\t<\/div>\n\t\t\t\t\t<\/div>\n\t\t<\/div>\n\t\t\t\t\t\t\t\t<\/div>\n\t\t\t\t\t<\/div>\n\t\t<\/section>\n\t\t\t\t<section class=\"elementor-section elementor-top-section elementor-element elementor-element-6d71345d elementor-section-boxed elementor-section-height-default elementor-section-height-default\" data-id=\"6d71345d\" data-element_type=\"section\" data-settings=\"{&quot;background_background&quot;:&quot;classic&quot;}\">\n\t\t\t\t\t\t\t<div class=\"elementor-background-overlay\"><\/div>\n\t\t\t\t\t\t\t<div class=\"elementor-container elementor-column-gap-default\">\n\t\t\t\t\t\t\t<div class=\"elementor-row\">\n\t\t\t\t\t<div class=\"elementor-column elementor-col-100 elementor-top-column elementor-element elementor-element-71b01355\" data-id=\"71b01355\" data-element_type=\"column\">\n\t\t\t<div class=\"elementor-column-wrap elementor-element-populated\">\n\t\t\t\t\t\t\t<div class=\"elementor-widget-wrap\">\n\t\t\t\t\t\t<div class=\"elementor-element elementor-element-1baeed80 elementor-widget elementor-widget-heading\" data-id=\"1baeed80\" data-element_type=\"widget\" data-widget_type=\"heading.default\">\n\t\t\t\t<div class=\"elementor-widget-container\">\n\t\t\t<h2 class=\"elementor-heading-title elementor-size-default\">Try it !<\/h2>\t\t<\/div>\n\t\t\t\t<\/div>\n\t\t\t\t<div class=\"elementor-element elementor-element-dde3c50 elementor-align-center elementor-widget elementor-widget-button\" data-id=\"dde3c50\" data-element_type=\"widget\" data-widget_type=\"button.default\">\n\t\t\t\t<div class=\"elementor-widget-container\">\n\t\t\t\t\t<div class=\"elementor-button-wrapper\">\n\t\t\t<a href=\"https:\/\/www.car-service-paris.com\/en\/reservation\/\" class=\"elementor-button-link elementor-button elementor-size-sm\" role=\"button\">\n\t\t\t\t\t\t<span class=\"elementor-button-content-wrapper\">\n\t\t\t\t\t\t<span class=\"elementor-button-text\">Booking<\/span>\n\t\t<\/span>\n\t\t\t\t\t<\/a>\n\t\t<\/div>\n\t\t\t\t<\/div>\n\t\t\t\t<\/div>\n\t\t\t\t\t\t<\/div>\n\t\t\t\t\t<\/div>\n\t\t<\/div>\n\t\t\t\t\t\t\t\t<\/div>\n\t\t\t\t\t<\/div>\n\t\t<\/section>\n\t\t\t\t\t\t<\/div>\n\t\t\t\t\t\t<\/div>\n\t\t\t\t\t<\/div>","protected":false},"excerpt":{"rendered":"<p>Transport \u00e9v\u00e9nementiel Organisation millim\u00e9tr\u00e9e garantie Chauffeurs VIP exp\u00e9riment\u00e9s et multilingues Large flotte de v\u00e9hicules de luxe personnalisables Chaque \u00e9v\u00e9nement, qu\u2019il soit professionnel ou priv\u00e9, est unique !DA PRIVE \u2013 CAR SERVICE met tout son savoir-faire et son sens de l\u2019organisation millim\u00e9tr\u00e9e \u00e0 votre disposition : visite des lieux en amont, \u00e9quipe projet d\u00e9di\u00e9e avec un [&hellip;]<\/p>","protected":false},"author":2,"featured_media":0,"parent":0,"menu_order":0,"comment_status":"closed","ping_status":"closed","template":"elementor_header_footer","meta":{"_monsterinsights_skip_tracking":false,"_monsterinsights_sitenote_active":false,"_monsterinsights_sitenote_note":"","_monsterinsights_sitenote_category":0},"yoast_head":"<!-- This site is optimized with the Yoast SEO plugin v17.8 - https:\/\/yoast.com\/wordpress\/plugins\/seo\/ -->\n<title>Transport \u00e9v\u00e9nementiel | Chauffeur priv\u00e9 Paris et \u00cele-de-France<\/title>\n<meta name=\"description\" content=\"R\u00e9servez en ligne une \u00e9quipe de chauffeurs priv\u00e9s pour votre \u00e9v\u00e8nement (salon, festival, \u00e9v\u00e8nements professionnels, etc).\" \/>\n<meta name=\"robots\" content=\"index, follow, max-snippet:-1, max-image-preview:large, max-video-preview:-1\" \/>\n<link rel=\"canonical\" href=\"https:\/\/www.car-service-paris.com\/en\/transport-evenementiel\/\" \/>\n<meta property=\"og:locale\" content=\"en_GB\" \/>\n<meta property=\"og:type\" content=\"article\" \/>\n<meta property=\"og:title\" content=\"Transport \u00e9v\u00e9nementiel | Chauffeur priv\u00e9 Paris et \u00cele-de-France\" \/>\n<meta property=\"og:description\" content=\"R\u00e9servez en ligne une \u00e9quipe de chauffeurs priv\u00e9s pour votre \u00e9v\u00e8nement (salon, festival, \u00e9v\u00e8nements professionnels, etc).\" \/>\n<meta property=\"og:url\" content=\"https:\/\/www.car-service-paris.com\/en\/transport-evenementiel\/\" \/>\n<meta property=\"article:modified_time\" content=\"2021-05-26T07:47:26+00:00\" \/>\n<meta property=\"og:image\" content=\"https:\/\/www.car-service-paris.com\/wp-content\/uploads\/2021\/04\/icons8-date-to-64.png\" \/>\n<meta name=\"twitter:card\" content=\"summary_large_image\" \/>\n<meta name=\"twitter:label1\" content=\"Estimated reading time\" \/>\n\t<meta name=\"twitter:data1\" content=\"2 minutes\" \/>\n<script type=\"application\/ld+json\" class=\"yoast-schema-graph\">{\"@context\":\"https:\/\/schema.org\",\"@graph\":[{\"@type\":\"WebSite\",\"@id\":\"https:\/\/www.car-service-paris.com\/#website\",\"url\":\"https:\/\/www.car-service-paris.com\/\",\"name\":\"\",\"description\":\"\",\"potentialAction\":[{\"@type\":\"SearchAction\",\"target\":{\"@type\":\"EntryPoint\",\"urlTemplate\":\"https:\/\/www.car-service-paris.com\/?s={search_term_string}\"},\"query-input\":\"required name=search_term_string\"}],\"inLanguage\":\"en-GB\"},{\"@type\":\"ImageObject\",\"@id\":\"https:\/\/www.car-service-paris.com\/transport-evenementiel\/#primaryimage\",\"inLanguage\":\"en-GB\",\"url\":\"https:\/\/www.car-service-paris.com\/wp-content\/uploads\/2021\/04\/icons8-date-to-64.png\",\"contentUrl\":\"https:\/\/www.car-service-paris.com\/wp-content\/uploads\/2021\/04\/icons8-date-to-64.png\",\"width\":64,\"height\":64},{\"@type\":\"WebPage\",\"@id\":\"https:\/\/www.car-service-paris.com\/transport-evenementiel\/#webpage\",\"url\":\"https:\/\/www.car-service-paris.com\/transport-evenementiel\/\",\"name\":\"Transport \\u00e9v\\u00e9nementiel | Chauffeur priv\\u00e9 Paris et \\u00cele-de-France\",\"isPartOf\":{\"@id\":\"https:\/\/www.car-service-paris.com\/#website\"},\"primaryImageOfPage\":{\"@id\":\"https:\/\/www.car-service-paris.com\/transport-evenementiel\/#primaryimage\"},\"datePublished\":\"2021-03-10T08:58:41+00:00\",\"dateModified\":\"2021-05-26T07:47:26+00:00\",\"description\":\"R\\u00e9servez en ligne une \\u00e9quipe de chauffeurs priv\\u00e9s pour votre \\u00e9v\\u00e8nement (salon, festival, \\u00e9v\\u00e8nements professionnels, etc).\",\"breadcrumb\":{\"@id\":\"https:\/\/www.car-service-paris.com\/transport-evenementiel\/#breadcrumb\"},\"inLanguage\":\"en-GB\",\"potentialAction\":[{\"@type\":\"ReadAction\",\"target\":[\"https:\/\/www.car-service-paris.com\/transport-evenementiel\/\"]}]},{\"@type\":\"BreadcrumbList\",\"@id\":\"https:\/\/www.car-service-paris.com\/transport-evenementiel\/#breadcrumb\",\"itemListElement\":[{\"@type\":\"ListItem\",\"position\":1,\"name\":\"Home\",\"item\":\"https:\/\/www.car-service-paris.com\/\"},{\"@type\":\"ListItem\",\"position\":2,\"name\":\"Transport \\u00e9v\\u00e9nementiel\"}]}]}<\/script>\n<!-- \/ Yoast SEO plugin. -->","yoast_head_json":{"title":"Transport \u00e9v\u00e9nementiel | Chauffeur priv\u00e9 Paris et \u00cele-de-France","description":"R\u00e9servez en ligne une \u00e9quipe de chauffeurs priv\u00e9s pour votre \u00e9v\u00e8nement (salon, festival, \u00e9v\u00e8nements professionnels, etc).","robots":{"index":"index","follow":"follow","max-snippet":"max-snippet:-1","max-image-preview":"max-image-preview:large","max-video-preview":"max-video-preview:-1"},"canonical":"https:\/\/www.car-service-paris.com\/en\/transport-evenementiel\/","og_locale":"en_GB","og_type":"article","og_title":"Transport \u00e9v\u00e9nementiel | Chauffeur priv\u00e9 Paris et \u00cele-de-France","og_description":"R\u00e9servez en ligne une \u00e9quipe de chauffeurs priv\u00e9s pour votre \u00e9v\u00e8nement (salon, festival, \u00e9v\u00e8nements professionnels, etc).","og_url":"https:\/\/www.car-service-paris.com\/en\/transport-evenementiel\/","article_modified_time":"2021-05-26T07:47:26+00:00","og_image":[{"url":"https:\/\/www.car-service-paris.com\/wp-content\/uploads\/2021\/04\/icons8-date-to-64.png"}],"twitter_card":"summary_large_image","twitter_misc":{"Estimated reading time":"2 minutes"},"schema":{"@context":"https:\/\/schema.org","@graph":[{"@type":"WebSite","@id":"https:\/\/www.car-service-paris.com\/#website","url":"https:\/\/www.car-service-paris.com\/","name":"","description":"","potentialAction":[{"@type":"SearchAction","target":{"@type":"EntryPoint","urlTemplate":"https:\/\/www.car-service-paris.com\/?s={search_term_string}"},"query-input":"required name=search_term_string"}],"inLanguage":"en-GB"},{"@type":"ImageObject","@id":"https:\/\/www.car-service-paris.com\/transport-evenementiel\/#primaryimage","inLanguage":"en-GB","url":"https:\/\/www.car-service-paris.com\/wp-content\/uploads\/2021\/04\/icons8-date-to-64.png","contentUrl":"https:\/\/www.car-service-paris.com\/wp-content\/uploads\/2021\/04\/icons8-date-to-64.png","width":64,"height":64},{"@type":"WebPage","@id":"https:\/\/www.car-service-paris.com\/transport-evenementiel\/#webpage","url":"https:\/\/www.car-service-paris.com\/transport-evenementiel\/","name":"Transport \u00e9v\u00e9nementiel | Chauffeur priv\u00e9 Paris et \u00cele-de-France","isPartOf":{"@id":"https:\/\/www.car-service-paris.com\/#website"},"primaryImageOfPage":{"@id":"https:\/\/www.car-service-paris.com\/transport-evenementiel\/#primaryimage"},"datePublished":"2021-03-10T08:58:41+00:00","dateModified":"2021-05-26T07:47:26+00:00","description":"R\u00e9servez en ligne une \u00e9quipe de chauffeurs priv\u00e9s pour votre \u00e9v\u00e8nement (salon, festival, \u00e9v\u00e8nements professionnels, etc).","breadcrumb":{"@id":"https:\/\/www.car-service-paris.com\/transport-evenementiel\/#breadcrumb"},"inLanguage":"en-GB","potentialAction":[{"@type":"ReadAction","target":["https:\/\/www.car-service-paris.com\/transport-evenementiel\/"]}]},{"@type":"BreadcrumbList","@id":"https:\/\/www.car-service-paris.com\/transport-evenementiel\/#breadcrumb","itemListElement":[{"@type":"ListItem","position":1,"name":"Home","item":"https:\/\/www.car-service-paris.com\/"},{"@type":"ListItem","position":2,"name":"Transport \u00e9v\u00e9nementiel"}]}]}},"_links":{"self":[{"href":"https:\/\/www.car-service-paris.com\/en\/wp-json\/wp\/v2\/pages\/127"}],"collection":[{"href":"https:\/\/www.car-service-paris.com\/en\/wp-json\/wp\/v2\/pages"}],"about":[{"href":"https:\/\/www.car-service-paris.com\/en\/wp-json\/wp\/v2\/types\/page"}],"author":[{"embeddable":true,"href":"https:\/\/www.car-service-paris.com\/en\/wp-json\/wp\/v2\/users\/2"}],"replies":[{"embeddable":true,"href":"https:\/\/www.car-service-paris.com\/en\/wp-json\/wp\/v2\/comments?post=127"}],"version-history":[{"count":44,"href":"https:\/\/www.car-service-paris.com\/en\/wp-json\/wp\/v2\/pages\/127\/revisions"}],"predecessor-version":[{"id":822,"href":"https:\/\/www.car-service-paris.com\/en\/wp-json\/wp\/v2\/pages\/127\/revisions\/822"}],"wp:attachment":[{"href":"https:\/\/www.car-service-paris.com\/en\/wp-json\/wp\/v2\/media?parent=127"}],"curies":[{"name":"wp","href":"https:\/\/api.w.org\/{rel}","templated":true}]}}