{"id":21,"date":"2021-02-17T15:00:44","date_gmt":"2021-02-17T14:00:44","guid":{"rendered":"http:\/\/www.car-service-paris.com\/?page_id=21"},"modified":"2021-05-26T09:49:43","modified_gmt":"2021-05-26T07:49:43","slug":"mesures-sanitaires","status":"publish","type":"page","link":"https:\/\/www.car-service-paris.com\/en\/mesures-sanitaires\/","title":{"rendered":"Health measures"},"content":{"rendered":"<div data-elementor-type=\"wp-page\" data-elementor-id=\"21\" class=\"elementor elementor-21\" data-elementor-settings=\"[]\">\n\t\t\t\t\t\t<div class=\"elementor-inner\">\n\t\t\t\t\t\t\t<div class=\"elementor-section-wrap\">\n\t\t\t\t\t\t\t<section class=\"elementor-section elementor-top-section elementor-element elementor-element-5739d8e0 elementor-section-height-min-height elementor-section-boxed elementor-section-height-default elementor-section-items-middle\" data-id=\"5739d8e0\" data-element_type=\"section\" data-settings=\"{&quot;background_background&quot;:&quot;classic&quot;}\">\n\t\t\t\t\t\t\t<div class=\"elementor-background-overlay\"><\/div>\n\t\t\t\t\t\t\t<div class=\"elementor-container elementor-column-gap-default\">\n\t\t\t\t\t\t\t<div class=\"elementor-row\">\n\t\t\t\t\t<div class=\"elementor-column elementor-col-100 elementor-top-column elementor-element elementor-element-3bef9861\" data-id=\"3bef9861\" data-element_type=\"column\">\n\t\t\t<div class=\"elementor-column-wrap elementor-element-populated\">\n\t\t\t\t\t\t\t<div class=\"elementor-widget-wrap\">\n\t\t\t\t\t\t<div class=\"elementor-element elementor-element-2a9c2d4c elementor-widget-divider--view-line elementor-widget elementor-widget-divider\" data-id=\"2a9c2d4c\" data-element_type=\"widget\" data-widget_type=\"divider.default\">\n\t\t\t\t<div class=\"elementor-widget-container\">\n\t\t\t\t\t<div class=\"elementor-divider\">\n\t\t\t<span class=\"elementor-divider-separator\">\n\t\t\t\t\t\t<\/span>\n\t\t<\/div>\n\t\t\t\t<\/div>\n\t\t\t\t<\/div>\n\t\t\t\t<div class=\"elementor-element elementor-element-50c01992 elementor-widget elementor-widget-heading\" data-id=\"50c01992\" data-element_type=\"widget\" data-widget_type=\"heading.default\">\n\t\t\t\t<div class=\"elementor-widget-container\">\n\t\t\t<h2 class=\"elementor-heading-title elementor-size-default\">Health measures<\/h2>\t\t<\/div>\n\t\t\t\t<\/div>\n\t\t\t\t<div class=\"elementor-element elementor-element-1f489d22 elementor-widget-divider--view-line elementor-widget elementor-widget-divider\" data-id=\"1f489d22\" data-element_type=\"widget\" data-widget_type=\"divider.default\">\n\t\t\t\t<div class=\"elementor-widget-container\">\n\t\t\t\t\t<div class=\"elementor-divider\">\n\t\t\t<span class=\"elementor-divider-separator\">\n\t\t\t\t\t\t<\/span>\n\t\t<\/div>\n\t\t\t\t<\/div>\n\t\t\t\t<\/div>\n\t\t\t\t\t\t<\/div>\n\t\t\t\t\t<\/div>\n\t\t<\/div>\n\t\t\t\t\t\t\t\t<\/div>\n\t\t\t\t\t<\/div>\n\t\t<\/section>\n\t\t\t\t<section class=\"elementor-section elementor-top-section elementor-element elementor-element-20a06b43 elementor-section-boxed elementor-section-height-default elementor-section-height-default\" data-id=\"20a06b43\" data-element_type=\"section\" data-settings=\"{&quot;background_background&quot;:&quot;classic&quot;}\">\n\t\t\t\t\t\t<div class=\"elementor-container elementor-column-gap-default\">\n\t\t\t\t\t\t\t<div class=\"elementor-row\">\n\t\t\t\t\t<div class=\"elementor-column elementor-col-100 elementor-top-column elementor-element elementor-element-756f198d\" data-id=\"756f198d\" data-element_type=\"column\">\n\t\t\t<div class=\"elementor-column-wrap elementor-element-populated\">\n\t\t\t\t\t\t\t<div class=\"elementor-widget-wrap\">\n\t\t\t\t\t\t<section class=\"elementor-section elementor-inner-section elementor-element elementor-element-57588a2e elementor-section-boxed elementor-section-height-default elementor-section-height-default\" data-id=\"57588a2e\" data-element_type=\"section\">\n\t\t\t\t\t\t<div class=\"elementor-container elementor-column-gap-default\">\n\t\t\t\t\t\t\t<div class=\"elementor-row\">\n\t\t\t\t\t<div class=\"elementor-column elementor-col-33 elementor-inner-column elementor-element elementor-element-29793b80\" data-id=\"29793b80\" data-element_type=\"column\">\n\t\t\t<div class=\"elementor-column-wrap elementor-element-populated\">\n\t\t\t\t\t\t\t<div class=\"elementor-widget-wrap\">\n\t\t\t\t\t\t<div class=\"elementor-element elementor-element-9b8a969 elementor-position-top elementor-vertical-align-top elementor-widget elementor-widget-image-box\" data-id=\"9b8a969\" data-element_type=\"widget\" data-widget_type=\"image-box.default\">\n\t\t\t\t<div class=\"elementor-widget-container\">\n\t\t\t<div class=\"elementor-image-box-wrapper\"><figure class=\"elementor-image-box-img\"><img width=\"64\" height=\"64\" src=\"https:\/\/www.car-service-paris.com\/wp-content\/uploads\/2021\/04\/icons8-distance-64.png\" class=\"attachment-full size-full\" alt=\"\" \/><\/figure><div class=\"elementor-image-box-content\"><h3 class=\"elementor-image-box-title\">Respect of barrier gestures<\/h3><\/div><\/div>\t\t<\/div>\n\t\t\t\t<\/div>\n\t\t\t\t\t\t<\/div>\n\t\t\t\t\t<\/div>\n\t\t<\/div>\n\t\t\t\t<div class=\"elementor-column elementor-col-33 elementor-inner-column elementor-element elementor-element-1c1c4aa5\" data-id=\"1c1c4aa5\" data-element_type=\"column\">\n\t\t\t<div class=\"elementor-column-wrap elementor-element-populated\">\n\t\t\t\t\t\t\t<div class=\"elementor-widget-wrap\">\n\t\t\t\t\t\t<div class=\"elementor-element elementor-element-30e2f8ed elementor-position-top elementor-vertical-align-top elementor-widget elementor-widget-image-box\" data-id=\"30e2f8ed\" data-element_type=\"widget\" data-widget_type=\"image-box.default\">\n\t\t\t\t<div class=\"elementor-widget-container\">\n\t\t\t<div class=\"elementor-image-box-wrapper\"><figure class=\"elementor-image-box-img\"><img width=\"100\" height=\"100\" src=\"https:\/\/www.car-service-paris.com\/wp-content\/uploads\/2021\/04\/icons8-cleaning-a-surface-100.png\" class=\"attachment-full size-full\" alt=\"\" \/><\/figure><div class=\"elementor-image-box-content\"><h3 class=\"elementor-image-box-title\">Vehicle interiors disinfected between each customer<\/h3><\/div><\/div>\t\t<\/div>\n\t\t\t\t<\/div>\n\t\t\t\t\t\t<\/div>\n\t\t\t\t\t<\/div>\n\t\t<\/div>\n\t\t\t\t<div class=\"elementor-column elementor-col-33 elementor-inner-column elementor-element elementor-element-7ec538ea\" data-id=\"7ec538ea\" data-element_type=\"column\">\n\t\t\t<div class=\"elementor-column-wrap elementor-element-populated\">\n\t\t\t\t\t\t\t<div class=\"elementor-widget-wrap\">\n\t\t\t\t\t\t<div class=\"elementor-element elementor-element-2a5ff8d3 elementor-position-top elementor-vertical-align-top elementor-widget elementor-widget-image-box\" data-id=\"2a5ff8d3\" data-element_type=\"widget\" data-widget_type=\"image-box.default\">\n\t\t\t\t<div class=\"elementor-widget-container\">\n\t\t\t<div class=\"elementor-image-box-wrapper\"><figure class=\"elementor-image-box-img\"><img width=\"100\" height=\"100\" src=\"https:\/\/www.car-service-paris.com\/wp-content\/uploads\/2021\/04\/icons8-dispenser-100.png\" class=\"attachment-full size-full\" alt=\"\" \/><\/figure><div class=\"elementor-image-box-content\"><h3 class=\"elementor-image-box-title\">Hydroalcoholic gel in our vehicles<\/h3><\/div><\/div>\t\t<\/div>\n\t\t\t\t<\/div>\n\t\t\t\t\t\t<\/div>\n\t\t\t\t\t<\/div>\n\t\t<\/div>\n\t\t\t\t\t\t\t\t<\/div>\n\t\t\t\t\t<\/div>\n\t\t<\/section>\n\t\t\t\t\t\t<\/div>\n\t\t\t\t\t<\/div>\n\t\t<\/div>\n\t\t\t\t\t\t\t\t<\/div>\n\t\t\t\t\t<\/div>\n\t\t<\/section>\n\t\t\t\t<section class=\"elementor-section elementor-top-section elementor-element elementor-element-6cf43b33 elementor-section-boxed elementor-section-height-default elementor-section-height-default\" data-id=\"6cf43b33\" data-element_type=\"section\">\n\t\t\t\t\t\t<div class=\"elementor-container elementor-column-gap-default\">\n\t\t\t\t\t\t\t<div class=\"elementor-row\">\n\t\t\t\t\t<div class=\"elementor-column elementor-col-50 elementor-top-column elementor-element elementor-element-558d0948\" data-id=\"558d0948\" data-element_type=\"column\">\n\t\t\t<div class=\"elementor-column-wrap elementor-element-populated\">\n\t\t\t\t\t\t\t<div class=\"elementor-widget-wrap\">\n\t\t\t\t\t\t<div class=\"elementor-element elementor-element-56471efa elementor-widget elementor-widget-image\" data-id=\"56471efa\" data-element_type=\"widget\" data-widget_type=\"image.default\">\n\t\t\t\t<div class=\"elementor-widget-container\">\n\t\t\t\t\t\t\t\t<div class=\"elementor-image\">\n\t\t\t\t\t\t\t\t\t\t\t\t<img width=\"800\" height=\"534\" src=\"https:\/\/www.car-service-paris.com\/wp-content\/uploads\/2021\/04\/businesswoman-in-a-black-mask-sitting-inside-a-car-YHKFH8N-1024x683.jpg\" class=\"attachment-large size-large\" alt=\"\" srcset=\"https:\/\/www.car-service-paris.com\/wp-content\/uploads\/2021\/04\/businesswoman-in-a-black-mask-sitting-inside-a-car-YHKFH8N-1024x683.jpg 1024w, https:\/\/www.car-service-paris.com\/wp-content\/uploads\/2021\/04\/businesswoman-in-a-black-mask-sitting-inside-a-car-YHKFH8N-300x200.jpg 300w, https:\/\/www.car-service-paris.com\/wp-content\/uploads\/2021\/04\/businesswoman-in-a-black-mask-sitting-inside-a-car-YHKFH8N-768x512.jpg 768w, https:\/\/www.car-service-paris.com\/wp-content\/uploads\/2021\/04\/businesswoman-in-a-black-mask-sitting-inside-a-car-YHKFH8N-1536x1024.jpg 1536w, https:\/\/www.car-service-paris.com\/wp-content\/uploads\/2021\/04\/businesswoman-in-a-black-mask-sitting-inside-a-car-YHKFH8N-16x12.jpg 16w, https:\/\/www.car-service-paris.com\/wp-content\/uploads\/2021\/04\/businesswoman-in-a-black-mask-sitting-inside-a-car-YHKFH8N-460x306.jpg 460w, https:\/\/www.car-service-paris.com\/wp-content\/uploads\/2021\/04\/businesswoman-in-a-black-mask-sitting-inside-a-car-YHKFH8N-800x533.jpg 800w, https:\/\/www.car-service-paris.com\/wp-content\/uploads\/2021\/04\/businesswoman-in-a-black-mask-sitting-inside-a-car-YHKFH8N.jpg 1800w\" sizes=\"(max-width: 800px) 100vw, 800px\" \/>\t\t\t\t\t\t\t\t\t\t\t\t\t\t<\/div>\n\t\t\t\t\t\t<\/div>\n\t\t\t\t<\/div>\n\t\t\t\t\t\t<\/div>\n\t\t\t\t\t<\/div>\n\t\t<\/div>\n\t\t\t\t<div class=\"elementor-column elementor-col-50 elementor-top-column elementor-element elementor-element-666864d9\" data-id=\"666864d9\" data-element_type=\"column\">\n\t\t\t<div class=\"elementor-column-wrap elementor-element-populated\">\n\t\t\t\t\t\t\t<div class=\"elementor-widget-wrap\">\n\t\t\t\t\t\t<div class=\"elementor-element elementor-element-19b36d62 elementor-widget elementor-widget-text-editor\" data-id=\"19b36d62\" data-element_type=\"widget\" data-widget_type=\"text-editor.default\">\n\t\t\t\t<div class=\"elementor-widget-container\">\n\t\t\t\t\t\t\t\t<div class=\"elementor-text-editor elementor-clearfix\">\n\t\t\t\t<p class=\" translation-block\">As a transport professional, the well-being and safety of our customers is our priority.<\/p><p>For this reason, since February 2020, DA PRIVE - CAR SERVICE has taken all the necessary hygiene measures to preserve the health of its passengers and to eradicate the spread of the COVID-19 virus:<\/p><p>- Ventilation and disinfection of the passenger compartment between each customer<br \/>- The installation of Plexiglas between the front and rear of the vehicle<br \/>- Strict observance of barrier procedures by our drivers and the systematic wearing of masks throughout the journey<br \/>- Provision of hydroalcoholic gel and surgical masks<br \/>- Provision of bottled water only on request to the driver<\/p><p class=\" translation-block\">DA PRIVE - CAR SERVICE guarantees the safest way to travel ! For more information and a personalised service, contact us.<\/p>\t\t\t\t\t<\/div>\n\t\t\t\t\t\t<\/div>\n\t\t\t\t<\/div>\n\t\t\t\t\t\t<\/div>\n\t\t\t\t\t<\/div>\n\t\t<\/div>\n\t\t\t\t\t\t\t\t<\/div>\n\t\t\t\t\t<\/div>\n\t\t<\/section>\n\t\t\t\t<section class=\"elementor-section elementor-top-section elementor-element elementor-element-7f33a67b elementor-section-boxed elementor-section-height-default elementor-section-height-default\" data-id=\"7f33a67b\" data-element_type=\"section\" data-settings=\"{&quot;background_background&quot;:&quot;classic&quot;}\">\n\t\t\t\t\t\t\t<div class=\"elementor-background-overlay\"><\/div>\n\t\t\t\t\t\t\t<div class=\"elementor-container elementor-column-gap-default\">\n\t\t\t\t\t\t\t<div class=\"elementor-row\">\n\t\t\t\t\t<div class=\"elementor-column elementor-col-100 elementor-top-column elementor-element elementor-element-65b583d2\" data-id=\"65b583d2\" data-element_type=\"column\">\n\t\t\t<div class=\"elementor-column-wrap elementor-element-populated\">\n\t\t\t\t\t\t\t<div class=\"elementor-widget-wrap\">\n\t\t\t\t\t\t<div class=\"elementor-element elementor-element-7414cedf elementor-widget elementor-widget-heading\" data-id=\"7414cedf\" data-element_type=\"widget\" data-widget_type=\"heading.default\">\n\t\t\t\t<div class=\"elementor-widget-container\">\n\t\t\t<h2 class=\"elementor-heading-title elementor-size-default\">Try it !<\/h2>\t\t<\/div>\n\t\t\t\t<\/div>\n\t\t\t\t<div class=\"elementor-element elementor-element-76fa2f3f elementor-align-center elementor-widget elementor-widget-button\" data-id=\"76fa2f3f\" data-element_type=\"widget\" data-widget_type=\"button.default\">\n\t\t\t\t<div class=\"elementor-widget-container\">\n\t\t\t\t\t<div class=\"elementor-button-wrapper\">\n\t\t\t<a href=\"https:\/\/www.car-service-paris.com\/en\/reservation\/\" class=\"elementor-button-link elementor-button elementor-size-sm\" role=\"button\">\n\t\t\t\t\t\t<span class=\"elementor-button-content-wrapper\">\n\t\t\t\t\t\t<span class=\"elementor-button-text\">Booking<\/span>\n\t\t<\/span>\n\t\t\t\t\t<\/a>\n\t\t<\/div>\n\t\t\t\t<\/div>\n\t\t\t\t<\/div>\n\t\t\t\t\t\t<\/div>\n\t\t\t\t\t<\/div>\n\t\t<\/div>\n\t\t\t\t\t\t\t\t<\/div>\n\t\t\t\t\t<\/div>\n\t\t<\/section>\n\t\t\t\t\t\t<\/div>\n\t\t\t\t\t\t<\/div>\n\t\t\t\t\t<\/div>","protected":false},"excerpt":{"rendered":"<p>Mesures sanitaires Respect des gestes barri\u00e8res Int\u00e9rieur des v\u00e9hicules d\u00e9sinfect\u00e9 entre chaque client Gel hydro alcoolique dans nos v\u00e9hicules En tant que professionnel du transport, le bien-\u00eatre et la s\u00e9curit\u00e9 de nos clients sont notre priorit\u00e9. C\u2019est pour cette raison que, depuis f\u00e9vrier 2020, DA PRIVE \u2013 CAR SERVICE a pris toutes les mesures d\u2019hygi\u00e8ne [&hellip;]<\/p>","protected":false},"author":2,"featured_media":0,"parent":0,"menu_order":0,"comment_status":"closed","ping_status":"closed","template":"elementor_header_footer","meta":{"_monsterinsights_skip_tracking":false,"_monsterinsights_sitenote_active":false,"_monsterinsights_sitenote_note":"","_monsterinsights_sitenote_category":0},"yoast_head":"<!-- This site is optimized with the Yoast SEO plugin v17.8 - https:\/\/yoast.com\/wordpress\/plugins\/seo\/ -->\n<title>Chauffeur priv\u00e9 VIP - Mesures sanitaires<\/title>\n<meta name=\"description\" content=\"DA PRIVE \u2013 CAR SERVICE a pris toutes les mesures d\u2019hygi\u00e8ne n\u00e9cessaires \u00e0 la pr\u00e9servation de la sant\u00e9 de ses passagers et \u00e0 l\u2019\u00e9radication de la propagation du virus de la COVID-19.\" \/>\n<meta name=\"robots\" content=\"index, follow, max-snippet:-1, max-image-preview:large, max-video-preview:-1\" \/>\n<link rel=\"canonical\" href=\"https:\/\/www.car-service-paris.com\/en\/mesures-sanitaires\/\" \/>\n<meta property=\"og:locale\" content=\"en_GB\" \/>\n<meta property=\"og:type\" content=\"article\" \/>\n<meta property=\"og:title\" content=\"Chauffeur priv\u00e9 VIP - Mesures sanitaires\" \/>\n<meta property=\"og:description\" content=\"DA PRIVE \u2013 CAR SERVICE a pris toutes les mesures d\u2019hygi\u00e8ne n\u00e9cessaires \u00e0 la pr\u00e9servation de la sant\u00e9 de ses passagers et \u00e0 l\u2019\u00e9radication de la propagation du virus de la COVID-19.\" \/>\n<meta property=\"og:url\" content=\"https:\/\/www.car-service-paris.com\/en\/mesures-sanitaires\/\" \/>\n<meta property=\"article:modified_time\" content=\"2021-05-26T07:49:43+00:00\" \/>\n<meta property=\"og:image\" content=\"https:\/\/www.car-service-paris.com\/wp-content\/uploads\/2021\/04\/icons8-distance-64.png\" \/>\n<meta name=\"twitter:card\" content=\"summary_large_image\" \/>\n<meta name=\"twitter:label1\" content=\"Estimated reading time\" \/>\n\t<meta name=\"twitter:data1\" content=\"2 minutes\" \/>\n<script type=\"application\/ld+json\" class=\"yoast-schema-graph\">{\"@context\":\"https:\/\/schema.org\",\"@graph\":[{\"@type\":\"WebSite\",\"@id\":\"https:\/\/www.car-service-paris.com\/#website\",\"url\":\"https:\/\/www.car-service-paris.com\/\",\"name\":\"\",\"description\":\"\",\"potentialAction\":[{\"@type\":\"SearchAction\",\"target\":{\"@type\":\"EntryPoint\",\"urlTemplate\":\"https:\/\/www.car-service-paris.com\/?s={search_term_string}\"},\"query-input\":\"required name=search_term_string\"}],\"inLanguage\":\"en-GB\"},{\"@type\":\"ImageObject\",\"@id\":\"https:\/\/www.car-service-paris.com\/mesures-sanitaires\/#primaryimage\",\"inLanguage\":\"en-GB\",\"url\":\"https:\/\/www.car-service-paris.com\/wp-content\/uploads\/2021\/04\/icons8-distance-64.png\",\"contentUrl\":\"https:\/\/www.car-service-paris.com\/wp-content\/uploads\/2021\/04\/icons8-distance-64.png\",\"width\":64,\"height\":64},{\"@type\":\"WebPage\",\"@id\":\"https:\/\/www.car-service-paris.com\/mesures-sanitaires\/#webpage\",\"url\":\"https:\/\/www.car-service-paris.com\/mesures-sanitaires\/\",\"name\":\"Chauffeur priv\\u00e9 VIP - Mesures sanitaires\",\"isPartOf\":{\"@id\":\"https:\/\/www.car-service-paris.com\/#website\"},\"primaryImageOfPage\":{\"@id\":\"https:\/\/www.car-service-paris.com\/mesures-sanitaires\/#primaryimage\"},\"datePublished\":\"2021-02-17T14:00:44+00:00\",\"dateModified\":\"2021-05-26T07:49:43+00:00\",\"description\":\"DA PRIVE \\u2013 CAR SERVICE a pris toutes les mesures d\\u2019hygi\\u00e8ne n\\u00e9cessaires \\u00e0 la pr\\u00e9servation de la sant\\u00e9 de ses passagers et \\u00e0 l\\u2019\\u00e9radication de la propagation du virus de la COVID-19.\",\"breadcrumb\":{\"@id\":\"https:\/\/www.car-service-paris.com\/mesures-sanitaires\/#breadcrumb\"},\"inLanguage\":\"en-GB\",\"potentialAction\":[{\"@type\":\"ReadAction\",\"target\":[\"https:\/\/www.car-service-paris.com\/mesures-sanitaires\/\"]}]},{\"@type\":\"BreadcrumbList\",\"@id\":\"https:\/\/www.car-service-paris.com\/mesures-sanitaires\/#breadcrumb\",\"itemListElement\":[{\"@type\":\"ListItem\",\"position\":1,\"name\":\"Home\",\"item\":\"https:\/\/www.car-service-paris.com\/\"},{\"@type\":\"ListItem\",\"position\":2,\"name\":\"Mesures Sanitaires\"}]}]}<\/script>\n<!-- \/ Yoast SEO plugin. -->","yoast_head_json":{"title":"Chauffeur priv\u00e9 VIP - Mesures sanitaires","description":"DA PRIVE \u2013 CAR SERVICE a pris toutes les mesures d\u2019hygi\u00e8ne n\u00e9cessaires \u00e0 la pr\u00e9servation de la sant\u00e9 de ses passagers et \u00e0 l\u2019\u00e9radication de la propagation du virus de la COVID-19.","robots":{"index":"index","follow":"follow","max-snippet":"max-snippet:-1","max-image-preview":"max-image-preview:large","max-video-preview":"max-video-preview:-1"},"canonical":"https:\/\/www.car-service-paris.com\/en\/mesures-sanitaires\/","og_locale":"en_GB","og_type":"article","og_title":"Chauffeur priv\u00e9 VIP - Mesures sanitaires","og_description":"DA PRIVE \u2013 CAR SERVICE a pris toutes les mesures d\u2019hygi\u00e8ne n\u00e9cessaires \u00e0 la pr\u00e9servation de la sant\u00e9 de ses passagers et \u00e0 l\u2019\u00e9radication de la propagation du virus de la COVID-19.","og_url":"https:\/\/www.car-service-paris.com\/en\/mesures-sanitaires\/","article_modified_time":"2021-05-26T07:49:43+00:00","og_image":[{"url":"https:\/\/www.car-service-paris.com\/wp-content\/uploads\/2021\/04\/icons8-distance-64.png"}],"twitter_card":"summary_large_image","twitter_misc":{"Estimated reading time":"2 minutes"},"schema":{"@context":"https:\/\/schema.org","@graph":[{"@type":"WebSite","@id":"https:\/\/www.car-service-paris.com\/#website","url":"https:\/\/www.car-service-paris.com\/","name":"","description":"","potentialAction":[{"@type":"SearchAction","target":{"@type":"EntryPoint","urlTemplate":"https:\/\/www.car-service-paris.com\/?s={search_term_string}"},"query-input":"required name=search_term_string"}],"inLanguage":"en-GB"},{"@type":"ImageObject","@id":"https:\/\/www.car-service-paris.com\/mesures-sanitaires\/#primaryimage","inLanguage":"en-GB","url":"https:\/\/www.car-service-paris.com\/wp-content\/uploads\/2021\/04\/icons8-distance-64.png","contentUrl":"https:\/\/www.car-service-paris.com\/wp-content\/uploads\/2021\/04\/icons8-distance-64.png","width":64,"height":64},{"@type":"WebPage","@id":"https:\/\/www.car-service-paris.com\/mesures-sanitaires\/#webpage","url":"https:\/\/www.car-service-paris.com\/mesures-sanitaires\/","name":"Chauffeur priv\u00e9 VIP - Mesures sanitaires","isPartOf":{"@id":"https:\/\/www.car-service-paris.com\/#website"},"primaryImageOfPage":{"@id":"https:\/\/www.car-service-paris.com\/mesures-sanitaires\/#primaryimage"},"datePublished":"2021-02-17T14:00:44+00:00","dateModified":"2021-05-26T07:49:43+00:00","description":"DA PRIVE \u2013 CAR SERVICE a pris toutes les mesures d\u2019hygi\u00e8ne n\u00e9cessaires \u00e0 la pr\u00e9servation de la sant\u00e9 de ses passagers et \u00e0 l\u2019\u00e9radication de la propagation du virus de la COVID-19.","breadcrumb":{"@id":"https:\/\/www.car-service-paris.com\/mesures-sanitaires\/#breadcrumb"},"inLanguage":"en-GB","potentialAction":[{"@type":"ReadAction","target":["https:\/\/www.car-service-paris.com\/mesures-sanitaires\/"]}]},{"@type":"BreadcrumbList","@id":"https:\/\/www.car-service-paris.com\/mesures-sanitaires\/#breadcrumb","itemListElement":[{"@type":"ListItem","position":1,"name":"Home","item":"https:\/\/www.car-service-paris.com\/"},{"@type":"ListItem","position":2,"name":"Mesures Sanitaires"}]}]}},"_links":{"self":[{"href":"https:\/\/www.car-service-paris.com\/en\/wp-json\/wp\/v2\/pages\/21"}],"collection":[{"href":"https:\/\/www.car-service-paris.com\/en\/wp-json\/wp\/v2\/pages"}],"about":[{"href":"https:\/\/www.car-service-paris.com\/en\/wp-json\/wp\/v2\/types\/page"}],"author":[{"embeddable":true,"href":"https:\/\/www.car-service-paris.com\/en\/wp-json\/wp\/v2\/users\/2"}],"replies":[{"embeddable":true,"href":"https:\/\/www.car-service-paris.com\/en\/wp-json\/wp\/v2\/comments?post=21"}],"version-history":[{"count":47,"href":"https:\/\/www.car-service-paris.com\/en\/wp-json\/wp\/v2\/pages\/21\/revisions"}],"predecessor-version":[{"id":826,"href":"https:\/\/www.car-service-paris.com\/en\/wp-json\/wp\/v2\/pages\/21\/revisions\/826"}],"wp:attachment":[{"href":"https:\/\/www.car-service-paris.com\/en\/wp-json\/wp\/v2\/media?parent=21"}],"curies":[{"name":"wp","href":"https:\/\/api.w.org\/{rel}","templated":true}]}}