{"id":680,"date":"2021-05-03T10:20:10","date_gmt":"2021-05-03T08:20:10","guid":{"rendered":"http:\/\/www.car-service-paris.com\/?page_id=680"},"modified":"2021-05-28T11:39:20","modified_gmt":"2021-05-28T09:39:20","slug":"conciergerie","status":"publish","type":"page","link":"https:\/\/www.car-service-paris.com\/en\/conciergerie\/","title":{"rendered":"Concierge"},"content":{"rendered":"<div data-elementor-type=\"wp-page\" data-elementor-id=\"680\" class=\"elementor elementor-680\" data-elementor-settings=\"[]\">\n\t\t\t\t\t\t<div class=\"elementor-inner\">\n\t\t\t\t\t\t\t<div class=\"elementor-section-wrap\">\n\t\t\t\t\t\t\t<section class=\"elementor-section elementor-top-section elementor-element elementor-element-0aacfc8 elementor-section-height-min-height elementor-section-boxed elementor-section-height-default elementor-section-items-middle\" data-id=\"0aacfc8\" data-element_type=\"section\" data-settings=\"{&quot;background_background&quot;:&quot;classic&quot;}\">\n\t\t\t\t\t\t\t<div class=\"elementor-background-overlay\"><\/div>\n\t\t\t\t\t\t\t<div class=\"elementor-container elementor-column-gap-default\">\n\t\t\t\t\t\t\t<div class=\"elementor-row\">\n\t\t\t\t\t<div class=\"elementor-column elementor-col-100 elementor-top-column elementor-element elementor-element-0d02590\" data-id=\"0d02590\" data-element_type=\"column\">\n\t\t\t<div class=\"elementor-column-wrap elementor-element-populated\">\n\t\t\t\t\t\t\t<div class=\"elementor-widget-wrap\">\n\t\t\t\t\t\t<div class=\"elementor-element elementor-element-a764c74 elementor-widget-divider--view-line elementor-widget elementor-widget-divider\" data-id=\"a764c74\" data-element_type=\"widget\" data-widget_type=\"divider.default\">\n\t\t\t\t<div class=\"elementor-widget-container\">\n\t\t\t\t\t<div class=\"elementor-divider\">\n\t\t\t<span class=\"elementor-divider-separator\">\n\t\t\t\t\t\t<\/span>\n\t\t<\/div>\n\t\t\t\t<\/div>\n\t\t\t\t<\/div>\n\t\t\t\t<div class=\"elementor-element elementor-element-d2a2baf elementor-widget elementor-widget-heading\" data-id=\"d2a2baf\" data-element_type=\"widget\" data-widget_type=\"heading.default\">\n\t\t\t\t<div class=\"elementor-widget-container\">\n\t\t\t<h2 class=\"elementor-heading-title elementor-size-default\">Concierge<\/h2>\t\t<\/div>\n\t\t\t\t<\/div>\n\t\t\t\t<div class=\"elementor-element elementor-element-c726d96 elementor-widget-divider--view-line elementor-widget elementor-widget-divider\" data-id=\"c726d96\" data-element_type=\"widget\" data-widget_type=\"divider.default\">\n\t\t\t\t<div class=\"elementor-widget-container\">\n\t\t\t\t\t<div class=\"elementor-divider\">\n\t\t\t<span class=\"elementor-divider-separator\">\n\t\t\t\t\t\t<\/span>\n\t\t<\/div>\n\t\t\t\t<\/div>\n\t\t\t\t<\/div>\n\t\t\t\t\t\t<\/div>\n\t\t\t\t\t<\/div>\n\t\t<\/div>\n\t\t\t\t\t\t\t\t<\/div>\n\t\t\t\t\t<\/div>\n\t\t<\/section>\n\t\t\t\t<section class=\"elementor-section elementor-top-section elementor-element elementor-element-e7f892a elementor-section-boxed elementor-section-height-default elementor-section-height-default\" data-id=\"e7f892a\" data-element_type=\"section\" data-settings=\"{&quot;background_background&quot;:&quot;classic&quot;}\">\n\t\t\t\t\t\t<div class=\"elementor-container elementor-column-gap-default\">\n\t\t\t\t\t\t\t<div class=\"elementor-row\">\n\t\t\t\t\t<div class=\"elementor-column elementor-col-100 elementor-top-column elementor-element elementor-element-ee318fe\" data-id=\"ee318fe\" data-element_type=\"column\">\n\t\t\t<div class=\"elementor-column-wrap elementor-element-populated\">\n\t\t\t\t\t\t\t<div class=\"elementor-widget-wrap\">\n\t\t\t\t\t\t<section class=\"elementor-section elementor-inner-section elementor-element elementor-element-31ab867 elementor-section-boxed elementor-section-height-default elementor-section-height-default\" data-id=\"31ab867\" data-element_type=\"section\">\n\t\t\t\t\t\t<div class=\"elementor-container elementor-column-gap-default\">\n\t\t\t\t\t\t\t<div class=\"elementor-row\">\n\t\t\t\t\t<div class=\"elementor-column elementor-col-33 elementor-inner-column elementor-element elementor-element-5880b10\" data-id=\"5880b10\" data-element_type=\"column\">\n\t\t\t<div class=\"elementor-column-wrap elementor-element-populated\">\n\t\t\t\t\t\t\t<div class=\"elementor-widget-wrap\">\n\t\t\t\t\t\t<div class=\"elementor-element elementor-element-70a3623 elementor-position-top elementor-vertical-align-top elementor-widget elementor-widget-image-box\" data-id=\"70a3623\" data-element_type=\"widget\" data-widget_type=\"image-box.default\">\n\t\t\t\t<div class=\"elementor-widget-container\">\n\t\t\t<div class=\"elementor-image-box-wrapper\"><figure class=\"elementor-image-box-img\"><img width=\"64\" height=\"64\" src=\"https:\/\/www.car-service-paris.com\/wp-content\/uploads\/2021\/05\/icons8-room-service-64-1.png\" class=\"attachment-full size-full\" alt=\"\" \/><\/figure><div class=\"elementor-image-box-content\"><h3 class=\"elementor-image-box-title\">Personalised service<\/h3><\/div><\/div>\t\t<\/div>\n\t\t\t\t<\/div>\n\t\t\t\t\t\t<\/div>\n\t\t\t\t\t<\/div>\n\t\t<\/div>\n\t\t\t\t<div class=\"elementor-column elementor-col-33 elementor-inner-column elementor-element elementor-element-c32611d\" data-id=\"c32611d\" data-element_type=\"column\">\n\t\t\t<div class=\"elementor-column-wrap elementor-element-populated\">\n\t\t\t\t\t\t\t<div class=\"elementor-widget-wrap\">\n\t\t\t\t\t\t<div class=\"elementor-element elementor-element-d9e85ad elementor-position-top elementor-vertical-align-top elementor-widget elementor-widget-image-box\" data-id=\"d9e85ad\" data-element_type=\"widget\" data-widget_type=\"image-box.default\">\n\t\t\t\t<div class=\"elementor-widget-container\">\n\t\t\t<div class=\"elementor-image-box-wrapper\"><figure class=\"elementor-image-box-img\"><img width=\"64\" height=\"64\" src=\"https:\/\/www.car-service-paris.com\/wp-content\/uploads\/2021\/05\/icons8-shopping-bags-64.png\" class=\"attachment-full size-full\" alt=\"\" \/><\/figure><div class=\"elementor-image-box-content\"><h3 class=\"elementor-image-box-title\">Travel, hotels, ticketing, gastronomy, well-being, shopping<\/h3><\/div><\/div>\t\t<\/div>\n\t\t\t\t<\/div>\n\t\t\t\t\t\t<\/div>\n\t\t\t\t\t<\/div>\n\t\t<\/div>\n\t\t\t\t<div class=\"elementor-column elementor-col-33 elementor-inner-column elementor-element elementor-element-fdf5ffc\" data-id=\"fdf5ffc\" data-element_type=\"column\">\n\t\t\t<div class=\"elementor-column-wrap elementor-element-populated\">\n\t\t\t\t\t\t\t<div class=\"elementor-widget-wrap\">\n\t\t\t\t\t\t<div class=\"elementor-element elementor-element-83214b4 elementor-position-top elementor-vertical-align-top elementor-widget elementor-widget-image-box\" data-id=\"83214b4\" data-element_type=\"widget\" data-widget_type=\"image-box.default\">\n\t\t\t\t<div class=\"elementor-widget-container\">\n\t\t\t<div class=\"elementor-image-box-wrapper\"><figure class=\"elementor-image-box-img\"><img width=\"64\" height=\"64\" src=\"https:\/\/www.car-service-paris.com\/wp-content\/uploads\/2021\/05\/icons8-headset-64.png\" class=\"attachment-full size-full\" alt=\"\" \/><\/figure><div class=\"elementor-image-box-content\"><h3 class=\"elementor-image-box-title\">Personal assistance 7 days a week<\/h3><\/div><\/div>\t\t<\/div>\n\t\t\t\t<\/div>\n\t\t\t\t\t\t<\/div>\n\t\t\t\t\t<\/div>\n\t\t<\/div>\n\t\t\t\t\t\t\t\t<\/div>\n\t\t\t\t\t<\/div>\n\t\t<\/section>\n\t\t\t\t\t\t<\/div>\n\t\t\t\t\t<\/div>\n\t\t<\/div>\n\t\t\t\t\t\t\t\t<\/div>\n\t\t\t\t\t<\/div>\n\t\t<\/section>\n\t\t\t\t<section class=\"elementor-section elementor-top-section elementor-element elementor-element-ab2fbc3 elementor-section-boxed elementor-section-height-default elementor-section-height-default\" data-id=\"ab2fbc3\" data-element_type=\"section\">\n\t\t\t\t\t\t<div class=\"elementor-container elementor-column-gap-default\">\n\t\t\t\t\t\t\t<div class=\"elementor-row\">\n\t\t\t\t\t<div class=\"elementor-column elementor-col-50 elementor-top-column elementor-element elementor-element-96b6146\" data-id=\"96b6146\" data-element_type=\"column\">\n\t\t\t<div class=\"elementor-column-wrap elementor-element-populated\">\n\t\t\t\t\t\t\t<div class=\"elementor-widget-wrap\">\n\t\t\t\t\t\t<div class=\"elementor-element elementor-element-a069652 elementor--h-position-center elementor--v-position-middle elementor-arrows-position-inside elementor-pagination-position-inside elementor-widget elementor-widget-slides\" data-id=\"a069652\" data-element_type=\"widget\" data-settings=\"{&quot;navigation&quot;:&quot;both&quot;,&quot;autoplay&quot;:&quot;yes&quot;,&quot;pause_on_hover&quot;:&quot;yes&quot;,&quot;pause_on_interaction&quot;:&quot;yes&quot;,&quot;autoplay_speed&quot;:5000,&quot;infinite&quot;:&quot;yes&quot;,&quot;transition&quot;:&quot;slide&quot;,&quot;transition_speed&quot;:500}\" data-widget_type=\"slides.default\">\n\t\t\t\t<div class=\"elementor-widget-container\">\n\t\t\t\t\t<div class=\"elementor-swiper\">\n\t\t\t<div class=\"elementor-slides-wrapper elementor-main-swiper swiper-container\" dir=\"ltr\" data-animation=\"fadeInUp\">\n\t\t\t\t<div class=\"swiper-wrapper elementor-slides\">\n\t\t\t\t\t<div class=\"elementor-repeater-item-dd86fdb swiper-slide\"><div class=\"swiper-slide-bg\"><\/div><div class=\"swiper-slide-inner\" ><div class=\"swiper-slide-contents\"><\/div><\/div><\/div><div class=\"elementor-repeater-item-eb17101 swiper-slide\"><div class=\"swiper-slide-bg\"><\/div><div class=\"swiper-slide-inner\" ><div class=\"swiper-slide-contents\"><\/div><\/div><\/div><div class=\"elementor-repeater-item-859f204 swiper-slide\"><div class=\"swiper-slide-bg\"><\/div><div class=\"swiper-slide-inner\" ><div class=\"swiper-slide-contents\"><\/div><\/div><\/div><div class=\"elementor-repeater-item-7bf0e92 swiper-slide\"><div class=\"swiper-slide-bg\"><\/div><div class=\"swiper-slide-inner\" ><div class=\"swiper-slide-contents\"><\/div><\/div><\/div>\t\t\t\t<\/div>\n\t\t\t\t\t\t\t\t\t\t\t\t\t\t\t<div class=\"swiper-pagination\"><\/div>\n\t\t\t\t\t\t\t\t\t\t\t\t\t\t\t\t<div class=\"elementor-swiper-button elementor-swiper-button-prev\">\n\t\t\t\t\t\t\t<i class=\"eicon-chevron-left\" aria-hidden=\"true\"><\/i>\n\t\t\t\t\t\t\t<span class=\"elementor-screen-only\">Previous<\/span>\n\t\t\t\t\t\t<\/div>\n\t\t\t\t\t\t<div class=\"elementor-swiper-button elementor-swiper-button-next\">\n\t\t\t\t\t\t\t<i class=\"eicon-chevron-right\" aria-hidden=\"true\"><\/i>\n\t\t\t\t\t\t\t<span class=\"elementor-screen-only\">Next<\/span>\n\t\t\t\t\t\t<\/div>\n\t\t\t\t\t\t\t\t\t\t\t\t<\/div>\n\t\t<\/div>\n\t\t\t\t<\/div>\n\t\t\t\t<\/div>\n\t\t\t\t\t\t<\/div>\n\t\t\t\t\t<\/div>\n\t\t<\/div>\n\t\t\t\t<div class=\"elementor-column elementor-col-50 elementor-top-column elementor-element elementor-element-918188b\" data-id=\"918188b\" data-element_type=\"column\">\n\t\t\t<div class=\"elementor-column-wrap elementor-element-populated\">\n\t\t\t\t\t\t\t<div class=\"elementor-widget-wrap\">\n\t\t\t\t\t\t<div class=\"elementor-element elementor-element-a0504ed elementor-widget elementor-widget-text-editor\" data-id=\"a0504ed\" data-element_type=\"widget\" data-widget_type=\"text-editor.default\">\n\t\t\t\t<div class=\"elementor-widget-container\">\n\t\t\t\t\t\t\t\t<div class=\"elementor-text-editor elementor-clearfix\">\n\t\t\t\t<p>The company DA PRIVE - CAR SERVICE takes the greatest care of its customers by also offering a concierge service, allowing you to save save time and feel comfortable.<\/p><p>You want to spend a few days in Paris or organize a trip to one of our beautiful regions of France ? Our concierge service takes care of everything: from accommodation to gastronomy, including the must-see or unusual places to visit.<\/p><p>You feel like having an unusual city tour in the capital by stopping in a restaurant or a brewery, a refined tea room or a luxury store to make some shopping ? We will be able to suggest the best locations, book you a nice table or privatize a high fashion place.<\/p><p>We can also book museum or show tickets, plan a relaxing moment or a fitness session.<\/p><p>DA PRIVE - CAR SERVICE is there to assist you in your most sparkling or glamorous projects !<\/p>\t\t\t\t\t<\/div>\n\t\t\t\t\t\t<\/div>\n\t\t\t\t<\/div>\n\t\t\t\t\t\t<\/div>\n\t\t\t\t\t<\/div>\n\t\t<\/div>\n\t\t\t\t\t\t\t\t<\/div>\n\t\t\t\t\t<\/div>\n\t\t<\/section>\n\t\t\t\t<section class=\"elementor-section elementor-top-section elementor-element elementor-element-724fe33 elementor-section-boxed elementor-section-height-default elementor-section-height-default\" data-id=\"724fe33\" data-element_type=\"section\" data-settings=\"{&quot;background_background&quot;:&quot;classic&quot;}\">\n\t\t\t\t\t\t<div class=\"elementor-container elementor-column-gap-default\">\n\t\t\t\t\t\t\t<div class=\"elementor-row\">\n\t\t\t\t\t<div class=\"elementor-column elementor-col-100 elementor-top-column elementor-element elementor-element-0de0bbf\" data-id=\"0de0bbf\" data-element_type=\"column\">\n\t\t\t<div class=\"elementor-column-wrap elementor-element-populated\">\n\t\t\t\t\t\t\t<div class=\"elementor-widget-wrap\">\n\t\t\t\t\t\t<div class=\"elementor-element elementor-element-995d44f elementor-widget elementor-widget-heading\" data-id=\"995d44f\" data-element_type=\"widget\" data-widget_type=\"heading.default\">\n\t\t\t\t<div class=\"elementor-widget-container\">\n\t\t\t<h2 class=\"elementor-heading-title elementor-size-default\">Contact us for more information<\/h2>\t\t<\/div>\n\t\t\t\t<\/div>\n\t\t\t\t<div class=\"elementor-element elementor-element-56c484b elementor-align-center elementor-widget elementor-widget-button\" data-id=\"56c484b\" data-element_type=\"widget\" data-widget_type=\"button.default\">\n\t\t\t\t<div class=\"elementor-widget-container\">\n\t\t\t\t\t<div class=\"elementor-button-wrapper\">\n\t\t\t<a href=\"https:\/\/www.car-service-paris.com\/en\/contact\/\" class=\"elementor-button-link elementor-button elementor-size-sm\" role=\"button\">\n\t\t\t\t\t\t<span class=\"elementor-button-content-wrapper\">\n\t\t\t\t\t\t<span class=\"elementor-button-text\">Contact<\/span>\n\t\t<\/span>\n\t\t\t\t\t<\/a>\n\t\t<\/div>\n\t\t\t\t<\/div>\n\t\t\t\t<\/div>\n\t\t\t\t\t\t<\/div>\n\t\t\t\t\t<\/div>\n\t\t<\/div>\n\t\t\t\t\t\t\t\t<\/div>\n\t\t\t\t\t<\/div>\n\t\t<\/section>\n\t\t\t\t\t\t<\/div>\n\t\t\t\t\t\t<\/div>\n\t\t\t\t\t<\/div>","protected":false},"excerpt":{"rendered":"<p>Conciergerie Sens du service personnalis\u00e9 Voyages, h\u00f4tellerie, billetterie, gastronomie, bien-\u00eatre, shopping Assistance personnelle 7\/7 Previous Next La soci\u00e9t\u00e9 DA PRIVE \u2013 CAR SERVICE prend le plus grand soin de ses clients en proposant \u00e9galement un service de conciergerie personnalis\u00e9 permettant un gain de temps et de confort \u00e0 ces derniers. Vous souhaitez passer quelques jours [&hellip;]<\/p>","protected":false},"author":2,"featured_media":0,"parent":0,"menu_order":0,"comment_status":"closed","ping_status":"closed","template":"elementor_header_footer","meta":{"_monsterinsights_skip_tracking":false,"_monsterinsights_sitenote_active":false,"_monsterinsights_sitenote_note":"","_monsterinsights_sitenote_category":0},"yoast_head":"<!-- This site is optimized with the Yoast SEO plugin v17.8 - https:\/\/yoast.com\/wordpress\/plugins\/seo\/ -->\n<title>Conciergerie sur mesure - H\u00f4tels, billeterie, gastronomie, shopping, bien-\u00eatre, SPA, etc<\/title>\n<meta name=\"description\" content=\"Da priv\u00e9 vous propose un service de conciergerie de luxe sur mesure. Un assistant d\u00e9di\u00e9 vous accompagne 7j\/7.\" \/>\n<meta name=\"robots\" content=\"index, follow, max-snippet:-1, max-image-preview:large, max-video-preview:-1\" \/>\n<link rel=\"canonical\" href=\"https:\/\/www.car-service-paris.com\/en\/conciergerie\/\" \/>\n<meta property=\"og:locale\" content=\"en_GB\" \/>\n<meta property=\"og:type\" content=\"article\" \/>\n<meta property=\"og:title\" content=\"Conciergerie sur mesure - H\u00f4tels, billeterie, gastronomie, shopping, bien-\u00eatre, SPA, etc\" \/>\n<meta property=\"og:description\" content=\"Da priv\u00e9 vous propose un service de conciergerie de luxe sur mesure. Un assistant d\u00e9di\u00e9 vous accompagne 7j\/7.\" \/>\n<meta property=\"og:url\" content=\"https:\/\/www.car-service-paris.com\/en\/conciergerie\/\" \/>\n<meta property=\"article:modified_time\" content=\"2021-05-28T09:39:20+00:00\" \/>\n<meta property=\"og:image\" content=\"https:\/\/www.car-service-paris.com\/wp-content\/uploads\/2021\/05\/icons8-room-service-64-1.png\" \/>\n<meta name=\"twitter:card\" content=\"summary_large_image\" \/>\n<meta name=\"twitter:label1\" content=\"Estimated reading time\" \/>\n\t<meta name=\"twitter:data1\" content=\"2 minutes\" \/>\n<script type=\"application\/ld+json\" class=\"yoast-schema-graph\">{\"@context\":\"https:\/\/schema.org\",\"@graph\":[{\"@type\":\"WebSite\",\"@id\":\"https:\/\/www.car-service-paris.com\/#website\",\"url\":\"https:\/\/www.car-service-paris.com\/\",\"name\":\"\",\"description\":\"\",\"potentialAction\":[{\"@type\":\"SearchAction\",\"target\":{\"@type\":\"EntryPoint\",\"urlTemplate\":\"https:\/\/www.car-service-paris.com\/?s={search_term_string}\"},\"query-input\":\"required name=search_term_string\"}],\"inLanguage\":\"en-GB\"},{\"@type\":\"ImageObject\",\"@id\":\"https:\/\/www.car-service-paris.com\/conciergerie\/#primaryimage\",\"inLanguage\":\"en-GB\",\"url\":\"https:\/\/www.car-service-paris.com\/wp-content\/uploads\/2021\/05\/icons8-room-service-64-1.png\",\"contentUrl\":\"https:\/\/www.car-service-paris.com\/wp-content\/uploads\/2021\/05\/icons8-room-service-64-1.png\",\"width\":64,\"height\":64},{\"@type\":\"WebPage\",\"@id\":\"https:\/\/www.car-service-paris.com\/conciergerie\/#webpage\",\"url\":\"https:\/\/www.car-service-paris.com\/conciergerie\/\",\"name\":\"Conciergerie sur mesure - H\\u00f4tels, billeterie, gastronomie, shopping, bien-\\u00eatre, SPA, etc\",\"isPartOf\":{\"@id\":\"https:\/\/www.car-service-paris.com\/#website\"},\"primaryImageOfPage\":{\"@id\":\"https:\/\/www.car-service-paris.com\/conciergerie\/#primaryimage\"},\"datePublished\":\"2021-05-03T08:20:10+00:00\",\"dateModified\":\"2021-05-28T09:39:20+00:00\",\"description\":\"Da priv\\u00e9 vous propose un service de conciergerie de luxe sur mesure. Un assistant d\\u00e9di\\u00e9 vous accompagne 7j\/7.\",\"breadcrumb\":{\"@id\":\"https:\/\/www.car-service-paris.com\/conciergerie\/#breadcrumb\"},\"inLanguage\":\"en-GB\",\"potentialAction\":[{\"@type\":\"ReadAction\",\"target\":[\"https:\/\/www.car-service-paris.com\/conciergerie\/\"]}]},{\"@type\":\"BreadcrumbList\",\"@id\":\"https:\/\/www.car-service-paris.com\/conciergerie\/#breadcrumb\",\"itemListElement\":[{\"@type\":\"ListItem\",\"position\":1,\"name\":\"Home\",\"item\":\"https:\/\/www.car-service-paris.com\/\"},{\"@type\":\"ListItem\",\"position\":2,\"name\":\"Conciergerie\"}]}]}<\/script>\n<!-- \/ Yoast SEO plugin. -->","yoast_head_json":{"title":"Conciergerie sur mesure - H\u00f4tels, billeterie, gastronomie, shopping, bien-\u00eatre, SPA, etc","description":"Da priv\u00e9 vous propose un service de conciergerie de luxe sur mesure. Un assistant d\u00e9di\u00e9 vous accompagne 7j\/7.","robots":{"index":"index","follow":"follow","max-snippet":"max-snippet:-1","max-image-preview":"max-image-preview:large","max-video-preview":"max-video-preview:-1"},"canonical":"https:\/\/www.car-service-paris.com\/en\/conciergerie\/","og_locale":"en_GB","og_type":"article","og_title":"Conciergerie sur mesure - H\u00f4tels, billeterie, gastronomie, shopping, bien-\u00eatre, SPA, etc","og_description":"Da priv\u00e9 vous propose un service de conciergerie de luxe sur mesure. Un assistant d\u00e9di\u00e9 vous accompagne 7j\/7.","og_url":"https:\/\/www.car-service-paris.com\/en\/conciergerie\/","article_modified_time":"2021-05-28T09:39:20+00:00","og_image":[{"url":"https:\/\/www.car-service-paris.com\/wp-content\/uploads\/2021\/05\/icons8-room-service-64-1.png"}],"twitter_card":"summary_large_image","twitter_misc":{"Estimated reading time":"2 minutes"},"schema":{"@context":"https:\/\/schema.org","@graph":[{"@type":"WebSite","@id":"https:\/\/www.car-service-paris.com\/#website","url":"https:\/\/www.car-service-paris.com\/","name":"","description":"","potentialAction":[{"@type":"SearchAction","target":{"@type":"EntryPoint","urlTemplate":"https:\/\/www.car-service-paris.com\/?s={search_term_string}"},"query-input":"required name=search_term_string"}],"inLanguage":"en-GB"},{"@type":"ImageObject","@id":"https:\/\/www.car-service-paris.com\/conciergerie\/#primaryimage","inLanguage":"en-GB","url":"https:\/\/www.car-service-paris.com\/wp-content\/uploads\/2021\/05\/icons8-room-service-64-1.png","contentUrl":"https:\/\/www.car-service-paris.com\/wp-content\/uploads\/2021\/05\/icons8-room-service-64-1.png","width":64,"height":64},{"@type":"WebPage","@id":"https:\/\/www.car-service-paris.com\/conciergerie\/#webpage","url":"https:\/\/www.car-service-paris.com\/conciergerie\/","name":"Conciergerie sur mesure - H\u00f4tels, billeterie, gastronomie, shopping, bien-\u00eatre, SPA, etc","isPartOf":{"@id":"https:\/\/www.car-service-paris.com\/#website"},"primaryImageOfPage":{"@id":"https:\/\/www.car-service-paris.com\/conciergerie\/#primaryimage"},"datePublished":"2021-05-03T08:20:10+00:00","dateModified":"2021-05-28T09:39:20+00:00","description":"Da priv\u00e9 vous propose un service de conciergerie de luxe sur mesure. Un assistant d\u00e9di\u00e9 vous accompagne 7j\/7.","breadcrumb":{"@id":"https:\/\/www.car-service-paris.com\/conciergerie\/#breadcrumb"},"inLanguage":"en-GB","potentialAction":[{"@type":"ReadAction","target":["https:\/\/www.car-service-paris.com\/conciergerie\/"]}]},{"@type":"BreadcrumbList","@id":"https:\/\/www.car-service-paris.com\/conciergerie\/#breadcrumb","itemListElement":[{"@type":"ListItem","position":1,"name":"Home","item":"https:\/\/www.car-service-paris.com\/"},{"@type":"ListItem","position":2,"name":"Conciergerie"}]}]}},"_links":{"self":[{"href":"https:\/\/www.car-service-paris.com\/en\/wp-json\/wp\/v2\/pages\/680"}],"collection":[{"href":"https:\/\/www.car-service-paris.com\/en\/wp-json\/wp\/v2\/pages"}],"about":[{"href":"https:\/\/www.car-service-paris.com\/en\/wp-json\/wp\/v2\/types\/page"}],"author":[{"embeddable":true,"href":"https:\/\/www.car-service-paris.com\/en\/wp-json\/wp\/v2\/users\/2"}],"replies":[{"embeddable":true,"href":"https:\/\/www.car-service-paris.com\/en\/wp-json\/wp\/v2\/comments?post=680"}],"version-history":[{"count":8,"href":"https:\/\/www.car-service-paris.com\/en\/wp-json\/wp\/v2\/pages\/680\/revisions"}],"predecessor-version":[{"id":881,"href":"https:\/\/www.car-service-paris.com\/en\/wp-json\/wp\/v2\/pages\/680\/revisions\/881"}],"wp:attachment":[{"href":"https:\/\/www.car-service-paris.com\/en\/wp-json\/wp\/v2\/media?parent=680"}],"curies":[{"name":"wp","href":"https:\/\/api.w.org\/{rel}","templated":true}]}}